{"id":3368,"date":"2020-09-17T10:44:47","date_gmt":"2020-09-17T09:44:47","guid":{"rendered":"https:\/\/hurdler.fr\/mentions-legales\/"},"modified":"2021-06-09T09:08:48","modified_gmt":"2021-06-09T08:08:48","slug":"mentions-legales","status":"publish","type":"page","link":"https:\/\/hurdler.fr\/en\/mentions-legales\/","title":{"rendered":"Legal Notice"},"content":{"rendered":"<p>L\u2019utilisation du pr\u00e9sent site (ci-apr\u00e8s le Site) implique de respecter les termes des pr\u00e9sentes conditions d\u2019utilisation. En acc\u00e9dant au Site, tout internaute naviguant sur le Site d\u00e9clare avoir lu et accept\u00e9 les r\u00e9serves des pr\u00e9sentes conditions et s\u2019engage \u00e0 s\u2019y conformer.<\/p>\n<p>L\u2019\u00e9diteur du Site (Ci-apr\u00e8s d\u00e9nomm\u00e9 \u00ab l\u2019Editeur \u00bb) est la soci\u00e9t\u00e9 :\u00a0<strong>HURDLER<\/strong><\/p>\n<p>Directeur de publication :\u00a0<strong>Jean-Fran\u00e7ois REYMOND<\/strong><\/p>\n<p><i>L\u2019h\u00e9bergement de ce Site est r\u00e9alis\u00e9 par la soci\u00e9t\u00e9 :<\/i><\/p>\n<p><i>AttrapTemps SARL<br \/>\n<\/i><i>70 av Alfred Kastler \u2013 Perpignan<br \/>\n<\/i><i>66100 Perpignan \u2013 France<\/i><\/p>\n<p><i>RCS 407 836 089 000 42<br \/>\n<\/i><i>Soci\u00e9t\u00e9 au capital social de 30 000 \u20ac<\/i><\/p>\n<p><strong>Conception &amp; R\u00e9alisation<\/strong><\/p>\n<p>AttrapTemps<br \/>\n70 av Alfred Kastler \u2013 Perpignan<br \/>\n66100 Perpignan \u2013 France<br \/>\nCoordonn\u00e9es t\u00e9l\u00e9phoniques : 04 68 55 11 31<\/p>\n<p>&nbsp;<\/p>\n<h2>CONDITIONS G\u00c9N\u00c9RALES D\u2019UTILISATION<\/h2>\n<p>&nbsp;<\/p>\n<h3>ARTICLE 1 \u2013 GRATUIT\u00c9 DU SERVICE<\/h3>\n<p>L\u2019utilisation du service mis en place par l\u2019Editeur et d\u00e9crit dans les pr\u00e9sentes conditions g\u00e9n\u00e9rales est enti\u00e8rement gratuite.<\/p>\n<p>Toutefois, les \u00e9quipements (ordinateur, t\u00e9l\u00e9phone, logiciels, moyens de t\u00e9l\u00e9communications, etc.) permettant l\u2019acc\u00e8s \u00e0 ce service sont \u00e0 la charge exclusive des internautes, de m\u00eame que les frais de connexion au r\u00e9seau Internet.<\/p>\n<p>&nbsp;<\/p>\n<h3>ARTICLE 2 \u2013 PROPRI\u00c9T\u00c9 INTELLECTUELLE<\/h3>\n<p>L\u2019acc\u00e8s au Site conf\u00e8re aux utilisateurs un droit d\u2019usage priv\u00e9 et non exclusif de ce Site. L\u2019ensemble des \u00e9l\u00e9ments diffus\u00e9s sur ce Site, notamment les textes, photographies, logos, marques, vid\u00e9os\u2026 constituent des \u0153uvres au sens du code la propri\u00e9t\u00e9 intellectuelle. En cons\u00e9quence, toute repr\u00e9sentation ou reproduction, int\u00e9grale ou partielle, qui pourrait \u00eatre faite sans le consentement de leurs auteurs ou ayants-droit est illicite.<\/p>\n<p>&nbsp;<\/p>\n<h3>ARTICLE 3 \u2013 COLLECTE PASSIVE DE DONN\u00c9ES PERSONNELLES<\/h3>\n<p>Conform\u00e9ment \u00e0 la R\u00e8glementation relative \u00e0 la protection des donn\u00e9es \u00e0 caract\u00e8re personnel, les internautes sont inform\u00e9s que <strong>HURDLER<\/strong><strong>\u00a0<\/strong>, en tant que responsable du traitement, met en \u0153uvre un traitement de donn\u00e9es \u00e0 caract\u00e8re personnel.<\/p>\n<p>Pour des informations relatives \u00e0 la collecte, au traitement et l\u2019utilisation de vos donn\u00e9es personnelles, nous vous invitons \u00e0 vous r\u00e9f\u00e9rer \u00e0 notre d\u00e9claration relative \u00e0 la protection des donn\u00e9es \u00e0 caract\u00e8re personnel.<\/p>\n<p>&nbsp;<\/p>\n<h3>ARTICLE 4 \u2013 UTILISATION DES COOKIES<\/h3>\n<p>Lors de votre navigation sur notre Site des fichiers texte, appel\u00e9s \u00abcookies\u00bb, sont susceptibles d\u2019\u00eatre d\u00e9pos\u00e9es sur votre terminal (ordinateur, mobile, tablette).<\/p>\n<p>L\u2019\u00e9diteur utilise quatre (4) cat\u00e9gories de \u00abcookies\u00bb dont le but est de collecter des informations anonymes relatives \u00e0 votre navigation et de vous adresser des contenus adapt\u00e9s \u00e0 votre terminal ou \u00e0 vos centres d\u2019int\u00e9r\u00eats.<\/p>\n<ul>\n<li>Les \u00abcookies\u00bb identificateurs de session. Ce sont des \u00ab cookies \u00bb techniques strictement n\u00e9cessaires au fonctionnement du Site. Ils permettent d\u2019acc\u00e9der aux espaces r\u00e9serv\u00e9s et personnels de notre Site, gr\u00e2ce aux identifiants personnels (\u00ab cookie \u00bb identifiant de session).<\/li>\n<li>Les \u00ab cookies \u00bb en mode \u00ab non connect\u00e9 \u00bb qui permettent de conserver toutes les donn\u00e9es de connexion, de parcours, de panier.<\/li>\n<li>Les \u00ab cookies \u00bb du th\u00e8me graphique utilis\u00e9 (pour les param\u00e8tres variables).<\/li>\n<li>Les \u00abcookies\u00bb de mesure d\u2019audience.<\/li>\n<\/ul>\n<p>La soci\u00e9t\u00e9 utilise un service d\u2019analyse du Web de Google appel\u00e9 \u00ab Google Analytics \u00bb, un logiciel qui place des \u00abcookies\u00bb sur votre ordinateur lui permettant d\u2019analyser votre utilisation du Site. Ces \u00abcookies\u00bb ont pour objectif d\u2019enregistrer potentiellement des informations relatives \u00e0 votre navigation sur notre Site (la date et l\u2019heure de la visite, le nombre de visites sur le site, les pages consult\u00e9es, le temps pass\u00e9 sur le site, le taux de rebond, le syst\u00e8me d\u2019exploitation utilis\u00e9, le navigateur, le pays de connexion, les mots clefs saisis pour acc\u00e9der au site, la provenance des internautes, le comportement des internautes \u2026) que nous pourrons lire lors de vos visites ult\u00e9rieures. Les informations collect\u00e9es par les \u00abcookies\u00bb concernant votre utilisation du site seront transmises, stock\u00e9es et sauvegard\u00e9es par Google sur des serveurs situ\u00e9s aux Etats-Unis. Google utilisera ces informations dans le but d\u2019\u00e9valuer votre utilisation du site, de compiler des rapports sur l\u2019activit\u00e9 du site \u00e0 destination de la soci\u00e9t\u00e9. Vous trouverez plus d\u2019informations sur Google Analytics et la protection des donn\u00e9es sous\u00a0<a href=\"http:\/\/tools.google.com\/dlpage\/gaoptout?hl=fr\">http:\/\/tools.google.com\/dlpage\/gaoptout?hl=fr<\/a>\u00a0ou bien sous\u00a0<a href=\"https:\/\/www.google.com\/analytics\/learn\/privacy.html?hl=fr%20\">https:\/\/www.google.com\/analytics\/learn\/privacy.html?hl=fr<\/a><\/p>\n<p>Chaque internaute a la possibilit\u00e9 d\u2019accepter ou de refuser les \u00ab cookies \u00bb. Vous pouvez vous opposer \u00e0 l\u2019enregistrement des \u00abcookies\u00bb en vous r\u00e9f\u00e9rant aux pr\u00e9f\u00e9rences\/param\u00e8tres de votre logiciel de navigation.<\/p>\n<p>Les liens suivants vous indiquent comment r\u00e9gler les cookies en fonction des navigateurs :<\/p>\n<ol>\n<li>Si vous utilisez le navigateur Firefox :\n<ul>\n<li><a href=\"http:\/\/support.mozilla.org\/fr\/kb\/activer-desactiver-cookies\">http:\/\/support.mozilla.org\/fr\/kb\/activer-desactiver-cookies<\/a><\/li>\n<\/ul>\n<\/li>\n<li>Si vous utilisez le navigateur Safari :\n<ul>\n<li><a href=\"http:\/\/support.apple.com\/kb\/index?page=search&amp;fac=all&amp;q=cookies%20safari\">http:\/\/support.apple.com\/kb\/index?page=search&amp;fac=all&amp;q=cookies%20safari<\/a><\/li>\n<\/ul>\n<\/li>\n<li>Si vous utilisez le navigateur Google Chrome :\n<ul>\n<li><a href=\"https:\/\/support.google.com\/chrome\/answer\/95647?hl=fr\">https:\/\/support.google.com\/chrome\/answer\/95647?hl=fr<\/a><\/li>\n<\/ul>\n<\/li>\n<li>Si vous refusez ou supprimez les \u00abcookies\u00bb cr\u00e9\u00e9s par notre Site, certaines fonctionnalit\u00e9s du Site risquent de ne pas fonctionner correctement.<\/li>\n<\/ol>\n<p>Si vous utilisez des versions de navigateurs autres que celles mentionn\u00e9es : merci de vous r\u00e9f\u00e9rer aux fichiers d\u2019aide ou au manuel d\u2019utilisation.<\/p>\n<p>Si vous refusez ou supprimez les cookies cr\u00e9\u00e9s par le Site votre navigation ne sera pas alt\u00e9r\u00e9e, mis \u00e0 part votre possibilit\u00e9 \u00e0 vous connecter \u00e0 votre espace personnel.<\/p>\n<p>Pour plus d\u2019informations sur les cookies et la fa\u00e7on de les g\u00e9rer consultez le site de la CNIL\u00a0<a href=\"http:\/\/www.cnil.fr\/vos-droits\/vos-\">http:\/\/www.cnil.fr\/vos-droits\/vos-<\/a>\u00a0traces\/les-cookies\/ ou bien sur le site\u00a0<a href=\"http:\/\/www.youronlinechoices.com\/fr\/\">http:\/\/www.youronlinechoices.com\/fr\/<\/a><\/p>\n<p>&nbsp;<\/p>\n<h3>ARTICLE 5 \u2013 PROTECTION ET USAGE DES DONN\u00c9ES PERSONNELLES COLLECT\u00c9ES<\/h3>\n<p>Un formulaire de contact est disponible sur le site, il vous est \u00e9galement possible de nous \u00e9crire directement \u00e0 l\u2019adresse :<strong> l.pariente@hurdler.fr<\/strong><\/p>\n<p>Les informations personnelles communiqu\u00e9es sur le formulaire de contact pr\u00e9sent sur le site sont destin\u00e9es \u00e0 l\u2019usage exclusif de l\u2019Editeur dans l\u2019unique finalit\u00e9 de r\u00e9pondre aux questions pos\u00e9es via l\u2019onglet \u00ab Contactez-nous \u00bb.<\/p>\n<p>Conform\u00e9ment \u00e0 la loi Informatique et Libert\u00e9s du 6 Janvier 1978, chaque internaute ayant rempli ce formulaire dispose d\u2019un droit d\u2019acc\u00e8s, de rectification ou de radiation des informations personnelles le concernant qu\u2019il peut exercer en s\u2019adressant par courrier \u00e0 :<\/p>\n<ul>\n<li><strong>7 rue du docteur Charles Richet<\/strong><br \/>\n<strong><strong><span class=\"o_field_char o_field_widget o_readonly_modifier o_address_city\"><span class=\"o_address_zip o_field_char o_field_widget o_readonly_modifier\">75001 |\u00a0<\/span>Paris<\/span><\/strong><\/strong>&nbsp;<\/li>\n<\/ul>\n<h3>OP\u00c9RATIONS PROMOTIONNELLES :<\/h3>\n<p>Dans le cadre d\u2019op\u00e9rations promotionnelles organis\u00e9es par l\u2019\u00e9diteur sur le Site, des informations personnelles pourront \u00eatre demand\u00e9es aux internautes souhaitant participer aux op\u00e9rations mises en place. Le responsable du traitement et les finalit\u00e9s de celui-ci seront clairement indiqu\u00e9s sur le formulaire d\u2019inscription au jeu. Le responsable du traitement n\u2019utilisera les donn\u00e9es personnelles qu\u2019aux seules fins indiqu\u00e9es \u00e0 l\u2019internaute au moment de sa participation au jeu.<\/p>\n<p>Dans certains cas, et sur acceptation expresse de l\u2019internaute, les donn\u00e9es personnelles pourront \u00eatre destin\u00e9es \u00e0 permettre la proposition d\u2019offres commerciales de l\u2019\u00e9diteur et\/ou de ses partenaires. L\u2019\u00e9diteur ne transmettra les donn\u00e9es personnelles des participants au jeu \u00e0 des tiers que si ces derniers lui en donnent express\u00e9ment l\u2019autorisation.<\/p>\n<p>En tout \u00e9tat de cause, les participants au jeu disposeront, conform\u00e9ment \u00e0 la loi Informatique et Libert\u00e9s du 6 Janvier 1978, d\u2019un droit d\u2019acc\u00e8s, de rectification ou de radiation des informations les concernant qu\u2019ils pourront exercer aupr\u00e8s du responsable du traitement.<\/p>\n<p>Les donn\u00e9es collect\u00e9es sont obligatoires pour participer au jeu. Par cons\u00e9quent, les personnes qui exerceront le droit de suppression des donn\u00e9es les concernant avant la fin du jeu seront r\u00e9put\u00e9es renoncer \u00e0 leur participation.<\/p>\n<p>Donn\u00e9es non personnelles :<\/p>\n<p>Toute information ne constituant pas des donn\u00e9es \u00e0 caract\u00e8re personnel et que vous communiquez \u00e0 l\u2019\u00e9diteur via le Site (remarques, avis, suggestions\u2026) pourra \u00eatre utilis\u00e9e par l\u2019\u00e9diteur, sans restriction de droit d\u2019utilisation, sans aucune r\u00e9mun\u00e9ration pour vous m\u00eame ou pour un tiers. Ces informations ne seront pas trait\u00e9es comme confidentielles par l\u2019\u00e9diteur.<\/p>\n<p>&nbsp;<\/p>\n<h3>ARTICLE 6 \u2013 MESURES DE CONFIDENTIALIT\u00c9<\/h3>\n<p>L\u2019\u00e9diteur a mis en place des ressources permettant de stocker de mani\u00e8re s\u00fbre les informations personnelles afin d\u2019\u00e9viter des pertes, alt\u00e9rations ou piratages. Les syst\u00e8mes de stockage ne sont accessibles que par un nombre restreint de personnes autoris\u00e9es.<\/p>\n<p>&nbsp;<\/p>\n<h3>ARTICLE 7 \u2013 RISQUES LI\u00c9S AU R\u00c9SEAU INTERNET<\/h3>\n<p>Les services du Site sont accessibles 24 heures sur 24, sept jours sur sept, sauf en cas de force majeure ou d\u2019un \u00e9v\u00e9nement hors du contr\u00f4le de l\u2019\u00e9diteur, et sous r\u00e9serve des p\u00e9riodes de maintenance et des pannes \u00e9ventuelles.<\/p>\n<p>Les taux de transfert et les temps de r\u00e9ponse des informations circulant entre le r\u00e9seau Internet et la plateforme du Site ne sont pas garantis par l\u2019\u00e9diteur. En effet, la vitesse de circulation des informations ne rel\u00e8ve pas de la prestation d\u2019acc\u00e8s offerte par l\u2019\u00e9diteur, mais des caract\u00e9ristiques inh\u00e9rentes aux r\u00e9seaux en ligne relatives aux moyens techniques d\u2019absorption du trafic g\u00e9n\u00e9r\u00e9.<\/p>\n<p>L\u2019\u00e9diteur rappelle aux utilisateurs les caract\u00e9ristiques et les limites du r\u00e9seau Internet et d\u00e9cline toute responsabilit\u00e9 li\u00e9e aux cons\u00e9quences de la connexion des utilisateurs \u00e0 ce r\u00e9seau via le Site.<\/p>\n<p>Plus particuli\u00e8rement, l\u2019\u00e9diteur ne saurait \u00eatre tenu responsable de tout dommage, mat\u00e9riel ou immat\u00e9riel, caus\u00e9 aux utilisateurs, \u00e0 leurs \u00e9quipements informatiques et aux donn\u00e9es qui y sont stock\u00e9es, et aux cons\u00e9quences pouvant en d\u00e9couler sur leur activit\u00e9 personnelle, professionnelle ou commerciale.<\/p>\n<p>L\u2019\u00e9diteur ne saurait \u00eatre tenu responsable de toute utilisation par des tiers des \u00e9l\u00e9ments figurant sur les espaces personnels du Site.<\/p>\n<p>L\u2019\u00e9diteur ne saurait davantage \u00eatre tenu responsable au cas o\u00f9 un ou plusieurs utilisateurs ne pourraient parvenir \u00e0 se connecter au site web du fait d\u2019un d\u00e9faut technique ou de tout autre probl\u00e8me li\u00e9 notamment \u00e0 l\u2019encombrement du r\u00e9seau.<\/p>\n<p>&nbsp;<\/p>\n<h3>ARTICLE 8 \u2013 SUSPENSION ET R\u00c9SILIATION<\/h3>\n<p>L\u2019\u00e9diteur pourra unilat\u00e9ralement et \u00e0 tout moment interrompre temporairement ou d\u00e9finitivement la mise en ligne de son Site sans que sa responsabilit\u00e9 ne puisse \u00eatre recherch\u00e9e et sans que cela ne puisse donner lieu \u00e0 l\u2019allocation de dommages et int\u00e9r\u00eats de quelque nature que ce soit.<\/p>\n<p>&nbsp;<\/p>\n<h3>ARTICLE 9 \u2013 SITES TIERS \/ LIENS HYPERTEXTES<\/h3>\n<p>Les pages web du site peuvent contenir des liens hypertextes renvoyant vers d\u2019autres sites Internet g\u00e9r\u00e9s par des soci\u00e9t\u00e9s distinctes de l\u2019\u00e9diteur et sur lesquels l\u2019\u00e9diteur n\u2019exerce aucune sorte de contr\u00f4le.<\/p>\n<p>L\u2019\u00e9diteur n\u2019assume aucune responsabilit\u00e9 quant au contenu de ces sites tiers, l\u2019usage qui pourra en \u00eatre fait ainsi que le contenu vers lequel ces sites tiers peuvent renvoyer.<\/p>\n<p>Tout utilisateur ou visiteur du Site ne peut mettre en place un lien hypertexte en direction de ce Site sans l\u2019autorisation expresse pr\u00e9alable de l\u2019\u00e9diteur.<\/p>\n<p>&nbsp;<\/p>\n<h3>ARTICLE 10 \u2013 DIVERS<\/h3>\n<p>L\u2019\u00e9diteur est libre de modifier les pr\u00e9sentes conditions g\u00e9n\u00e9rales d\u2019utilisation \u00e0 tout moment. La derni\u00e8re version des conditions g\u00e9n\u00e9rales d\u2019utilisation s\u2019impose aux utilisateurs. Les conditions g\u00e9n\u00e9rales d\u2019utilisation sont r\u00e9gies par les lois fran\u00e7aises et tout litige relatif \u00e0 leur ex\u00e9cution et\/ou leur interpr\u00e9tation sera soumis aux tribunaux fran\u00e7ais. Il est strictement interdit d\u2019utiliser ou de reproduire le nom de l\u2019\u00e9diteur et\/ou son logo ainsi que toutes les marques, dessins ou mod\u00e8les cit\u00e9s et\/ou pr\u00e9sent\u00e9s sur ce site ou tout autre site li\u00e9, \u00e0 quelque titre que ce soit et notamment \u00e0 des fins publicitaires sans l\u2019accord pr\u00e9alable \u00e9crit de l\u2019\u00e9diteur.<\/p>\n<p>&nbsp;<\/p>\n<p>\u00a9 2021 \u2013\u00a0<strong>HURDLER<\/strong>, tous droits r\u00e9serv\u00e9s.<\/p>\n<p>&nbsp;<\/p>\n<p><strong>Informations sur le r\u00e8glement en ligne des litiges conform\u00e9ment \u00e0 l\u2019art. 14 paragr. 1 du RLL (R\u00e8glement en Ligne des Litiges) :<\/strong><\/p>\n<p>La Commission Europ\u00e9enne permet aux consommateurs de r\u00e9soudre les litiges en ligne sur l\u2019une de ses plateformes, conform\u00e9ment \u00e0 l\u2019art. 14 paragr. 1 du RLL. La plateforme (<a href=\"http:\/\/ec.europa.eu\/consumers\/odr\">https:\/\/webgate.ec.europa.eu\/odr\/main\/index.cfm?event=main.home.show&amp;lng=FR<\/a>) agit comme un site o\u00f9 les consommateurs peuvent essayer des r\u00e9gler hors tribunal des litiges survenus lors d\u2019achats de biens ou services en ligne.<\/p>\n<p>&nbsp;<\/p>\n<p>&nbsp;<\/p>\n<p>&nbsp;<\/p>\n","protected":false},"excerpt":{"rendered":"<p>L\u2019utilisation du pr\u00e9sent site (ci-apr\u00e8s le Site) implique de respecter les termes des pr\u00e9sentes conditions d\u2019utilisation. En acc\u00e9dant au Site, tout internaute naviguant sur le Site d\u00e9clare avoir lu et accept\u00e9 les r\u00e9serves des pr\u00e9sentes conditions et s\u2019engage \u00e0 s\u2019y conformer. L\u2019\u00e9diteur du Site (Ci-apr\u00e8s d\u00e9nomm\u00e9 \u00ab l\u2019Editeur \u00bb) est la soci\u00e9t\u00e9 :\u00a0HURDLER Directeur de [&hellip;]<\/p>\n","protected":false},"author":2,"featured_media":0,"parent":0,"menu_order":0,"comment_status":"closed","ping_status":"closed","template":"","meta":{"_acf_changed":false,"_et_pb_use_builder":"","_et_pb_old_content":"","_et_gb_content_width":"","inline_featured_image":false,"footnotes":""},"class_list":["post-3368","page","type-page","status-publish","hentry"],"acf":[],"yoast_head":"<!-- This site is optimized with the Yoast SEO plugin v27.5 - https:\/\/yoast.com\/product\/yoast-seo-wordpress\/ -->\n<title>Legal Notice - Hurdler<\/title>\n<meta name=\"robots\" content=\"index, follow, max-snippet:-1, max-image-preview:large, max-video-preview:-1\" \/>\n<link rel=\"canonical\" href=\"https:\/\/hurdler.fr\/en\/mentions-legales\/\" \/>\n<meta property=\"og:locale\" content=\"en_US\" \/>\n<meta property=\"og:type\" content=\"article\" \/>\n<meta property=\"og:title\" content=\"Legal Notice - Hurdler\" \/>\n<meta property=\"og:description\" content=\"L\u2019utilisation du pr\u00e9sent site (ci-apr\u00e8s le Site) implique de respecter les termes des pr\u00e9sentes conditions d\u2019utilisation. En acc\u00e9dant au Site, tout internaute naviguant sur le Site d\u00e9clare avoir lu et accept\u00e9 les r\u00e9serves des pr\u00e9sentes conditions et s\u2019engage \u00e0 s\u2019y conformer. L\u2019\u00e9diteur du Site (Ci-apr\u00e8s d\u00e9nomm\u00e9 \u00ab l\u2019Editeur \u00bb) est la soci\u00e9t\u00e9 :\u00a0HURDLER Directeur de [&hellip;]\" \/>\n<meta property=\"og:site_name\" content=\"Hurdler\" \/>\n<meta property=\"article:modified_time\" content=\"2021-06-09T08:08:48+00:00\" \/>\n<meta name=\"twitter:card\" content=\"summary_large_image\" \/>\n<meta name=\"twitter:label1\" content=\"Est. reading time\" \/>\n\t<meta name=\"twitter:data1\" content=\"8 minutes\" \/>\n<script type=\"application\/ld+json\" class=\"yoast-schema-graph\">{\"@context\":\"https:\\\/\\\/schema.org\",\"@graph\":[{\"@type\":\"WebPage\",\"@id\":\"https:\\\/\\\/hurdler.fr\\\/en\\\/mentions-legales\\\/\",\"url\":\"https:\\\/\\\/hurdler.fr\\\/en\\\/mentions-legales\\\/\",\"name\":\"Legal Notice - Hurdler\",\"isPartOf\":{\"@id\":\"https:\\\/\\\/hurdler.fr\\\/en\\\/#website\"},\"datePublished\":\"2020-09-17T09:44:47+00:00\",\"dateModified\":\"2021-06-09T08:08:48+00:00\",\"breadcrumb\":{\"@id\":\"https:\\\/\\\/hurdler.fr\\\/en\\\/mentions-legales\\\/#breadcrumb\"},\"inLanguage\":\"en-US\",\"potentialAction\":[{\"@type\":\"ReadAction\",\"target\":[\"https:\\\/\\\/hurdler.fr\\\/en\\\/mentions-legales\\\/\"]}]},{\"@type\":\"BreadcrumbList\",\"@id\":\"https:\\\/\\\/hurdler.fr\\\/en\\\/mentions-legales\\\/#breadcrumb\",\"itemListElement\":[{\"@type\":\"ListItem\",\"position\":1,\"name\":\"Accueil\",\"item\":\"https:\\\/\\\/hurdler.fr\\\/en\\\/\"},{\"@type\":\"ListItem\",\"position\":2,\"name\":\"Legal Notice\"}]},{\"@type\":\"WebSite\",\"@id\":\"https:\\\/\\\/hurdler.fr\\\/en\\\/#website\",\"url\":\"https:\\\/\\\/hurdler.fr\\\/en\\\/\",\"name\":\"Hurdler\",\"description\":\"La conciergerie administrative du monde sportif\",\"potentialAction\":[{\"@type\":\"SearchAction\",\"target\":{\"@type\":\"EntryPoint\",\"urlTemplate\":\"https:\\\/\\\/hurdler.fr\\\/en\\\/?s={search_term_string}\"},\"query-input\":{\"@type\":\"PropertyValueSpecification\",\"valueRequired\":true,\"valueName\":\"search_term_string\"}}],\"inLanguage\":\"en-US\"}]}<\/script>\n<!-- \/ Yoast SEO plugin. -->","yoast_head_json":{"title":"Legal Notice - Hurdler","robots":{"index":"index","follow":"follow","max-snippet":"max-snippet:-1","max-image-preview":"max-image-preview:large","max-video-preview":"max-video-preview:-1"},"canonical":"https:\/\/hurdler.fr\/en\/mentions-legales\/","og_locale":"en_US","og_type":"article","og_title":"Legal Notice - Hurdler","og_description":"L\u2019utilisation du pr\u00e9sent site (ci-apr\u00e8s le Site) implique de respecter les termes des pr\u00e9sentes conditions d\u2019utilisation. En acc\u00e9dant au Site, tout internaute naviguant sur le Site d\u00e9clare avoir lu et accept\u00e9 les r\u00e9serves des pr\u00e9sentes conditions et s\u2019engage \u00e0 s\u2019y conformer. L\u2019\u00e9diteur du Site (Ci-apr\u00e8s d\u00e9nomm\u00e9 \u00ab l\u2019Editeur \u00bb) est la soci\u00e9t\u00e9 :\u00a0HURDLER Directeur de [&hellip;]","og_site_name":"Hurdler","article_modified_time":"2021-06-09T08:08:48+00:00","twitter_card":"summary_large_image","twitter_misc":{"Est. reading time":"8 minutes"},"schema":{"@context":"https:\/\/schema.org","@graph":[{"@type":"WebPage","@id":"https:\/\/hurdler.fr\/en\/mentions-legales\/","url":"https:\/\/hurdler.fr\/en\/mentions-legales\/","name":"Legal Notice - Hurdler","isPartOf":{"@id":"https:\/\/hurdler.fr\/en\/#website"},"datePublished":"2020-09-17T09:44:47+00:00","dateModified":"2021-06-09T08:08:48+00:00","breadcrumb":{"@id":"https:\/\/hurdler.fr\/en\/mentions-legales\/#breadcrumb"},"inLanguage":"en-US","potentialAction":[{"@type":"ReadAction","target":["https:\/\/hurdler.fr\/en\/mentions-legales\/"]}]},{"@type":"BreadcrumbList","@id":"https:\/\/hurdler.fr\/en\/mentions-legales\/#breadcrumb","itemListElement":[{"@type":"ListItem","position":1,"name":"Accueil","item":"https:\/\/hurdler.fr\/en\/"},{"@type":"ListItem","position":2,"name":"Legal Notice"}]},{"@type":"WebSite","@id":"https:\/\/hurdler.fr\/en\/#website","url":"https:\/\/hurdler.fr\/en\/","name":"Hurdler","description":"La conciergerie administrative du monde sportif","potentialAction":[{"@type":"SearchAction","target":{"@type":"EntryPoint","urlTemplate":"https:\/\/hurdler.fr\/en\/?s={search_term_string}"},"query-input":{"@type":"PropertyValueSpecification","valueRequired":true,"valueName":"search_term_string"}}],"inLanguage":"en-US"}]}},"_links":{"self":[{"href":"https:\/\/hurdler.fr\/en\/wp-json\/wp\/v2\/pages\/3368","targetHints":{"allow":["GET"]}}],"collection":[{"href":"https:\/\/hurdler.fr\/en\/wp-json\/wp\/v2\/pages"}],"about":[{"href":"https:\/\/hurdler.fr\/en\/wp-json\/wp\/v2\/types\/page"}],"author":[{"embeddable":true,"href":"https:\/\/hurdler.fr\/en\/wp-json\/wp\/v2\/users\/2"}],"replies":[{"embeddable":true,"href":"https:\/\/hurdler.fr\/en\/wp-json\/wp\/v2\/comments?post=3368"}],"version-history":[{"count":0,"href":"https:\/\/hurdler.fr\/en\/wp-json\/wp\/v2\/pages\/3368\/revisions"}],"wp:attachment":[{"href":"https:\/\/hurdler.fr\/en\/wp-json\/wp\/v2\/media?parent=3368"}],"curies":[{"name":"wp","href":"https:\/\/api.w.org\/{rel}","templated":true}]}}