{"id":3328,"date":"2021-04-30T10:05:22","date_gmt":"2021-04-30T09:05:22","guid":{"rendered":"https:\/\/hurdler.fr\/conditions-generales-de-vente\/"},"modified":"2021-06-09T08:54:48","modified_gmt":"2021-06-09T07:54:48","slug":"conditions-generales-de-vente","status":"publish","type":"page","link":"https:\/\/hurdler.fr\/en\/conditions-generales-de-vente\/","title":{"rendered":"Terms and conditions"},"content":{"rendered":"<h2><span style=\"font-weight: 400;\">Clause n\u00b0 1 : Objet<\/span><\/h2>\n<p><span style=\"font-weight: 400;\">Les conditions g\u00e9n\u00e9rales de vente d\u00e9crites ci-apr\u00e8s d\u00e9taillent les droits et obligations de la soci\u00e9t\u00e9 HURDLER SAS et de son client dans le cadre de la vente de prestations de services : aide administrative et activit\u00e9s connexes .\u00a0<\/span><\/p>\n<p><span style=\"font-weight: 400;\">Toute prestation accomplie par la soci\u00e9t\u00e9 HURDLER SAS implique donc l&#8217;adh\u00e9sion sans r\u00e9serve de l&#8217;acheteur aux pr\u00e9sentes conditions g\u00e9n\u00e9rales de vente.<\/span><\/p>\n<p>&nbsp;<\/p>\n<h2><span style=\"font-weight: 400;\">Clause n\u00b0 2 : Prix<\/span><\/h2>\n<p><span style=\"font-weight: 400;\">Les prix des services vendus sont ceux en vigueur le jour de la r\u00e9alisation du devis. Ils sont libell\u00e9s en euros et calcul\u00e9s hors taxes. Par voie de cons\u00e9quence, ils seront major\u00e9s du taux de TVA\u00a0<\/span><\/p>\n<p><span style=\"font-weight: 400;\">La soci\u00e9t\u00e9 HURDLER SAS s&#8217;accorde le droit de modifier ses tarifs \u00e0 tout moment. Toutefois, elle s&#8217;engage \u00e0 facturer les services command\u00e9s aux prix indiqu\u00e9s lors de l&#8217;enregistrement de la commande.<\/span><\/p>\n<p>&nbsp;<\/p>\n<h2><span style=\"font-weight: 400;\">Clause n\u00b0 3 : Rabais et ristournes<\/span><\/h2>\n<p><span style=\"font-weight: 400;\">Les tarifs propos\u00e9s comprennent les rabais et ristournes que la soci\u00e9t\u00e9 HURDLER SAS serait amen\u00e9e \u00e0 octroyer compte tenu de ses r\u00e9sultats ou de la prise en charge par l&#8217;acheteur de certaines prestations.<\/span><\/p>\n<p>&nbsp;<\/p>\n<h2><span style=\"font-weight: 400;\">Clause n\u00b0 4 : Escompte<\/span><\/h2>\n<p><span style=\"font-weight: 400;\">Aucun escompte ne sera consenti en cas de paiement anticip\u00e9.<\/span><\/p>\n<p>&nbsp;<\/p>\n<h2><span style=\"font-weight: 400;\">Clause n\u00b0 5 : Modalit\u00e9s de paiement<\/span><\/h2>\n<p><span style=\"font-weight: 400;\">Le r\u00e8glement des commandes s&#8217;effectue :<\/span><\/p>\n<ul>\n<li style=\"font-weight: 400;\" aria-level=\"1\"><span style=\"font-weight: 400;\">soit par ch\u00e8que ;<\/span><\/li>\n<li style=\"font-weight: 400;\" aria-level=\"1\"><span style=\"font-weight: 400;\">soit par carte bancaire sur le site internet ;<\/span><\/li>\n<li style=\"font-weight: 400;\" aria-level=\"1\"><span style=\"font-weight: 400;\">soit par virement bancaire\u00a0<\/span><\/li>\n<\/ul>\n<p><span style=\"font-weight: 400;\">L\u2019int\u00e9gralit\u00e9 de la facture devra \u00eatre pay\u00e9e \u00e0 r\u00e9ception de la facture.<\/span><\/p>\n<p>&nbsp;<\/p>\n<h2><span style=\"font-weight: 400;\">Clause n\u00b0 6 : Retard de paiement<\/span><\/h2>\n<p><span style=\"font-weight: 400;\">En cas de d\u00e9faut de paiement total ou partiel des services livr\u00e9s au jour de la r\u00e9ception, l&#8217;acheteur doit verser \u00e0 la soci\u00e9t\u00e9 HURDLER SAS une p\u00e9nalit\u00e9 de retard \u00e9gale \u00e0 trois fois le taux de l&#8217;int\u00e9r\u00eat l\u00e9gal.<\/span><\/p>\n<p><span style=\"font-weight: 400;\">Le taux de l&#8217;int\u00e9r\u00eat l\u00e9gal retenu est celui en vigueur au jour de la livraison des services.<\/span><\/p>\n<p><span style=\"font-weight: 400;\">A compter du 1er janvier 2015, le taux d&#8217;int\u00e9r\u00eat l\u00e9gal sera r\u00e9vis\u00e9 tous les 6 mois <\/span><span style=\"font-weight: 400;\">(Ordonnance n\u00b02014-947 du 20 ao\u00fbt 2014)<\/span><span style=\"font-weight: 400;\">.<\/span><\/p>\n<p><span style=\"font-weight: 400;\">Cette p\u00e9nalit\u00e9 est calcul\u00e9e sur le montant TTC de la somme restant due, et court \u00e0 compter de la date d&#8217;\u00e9ch\u00e9ance du prix sans qu&#8217;aucune mise en demeure pr\u00e9alable ne soit n\u00e9cessaire.<\/span><\/p>\n<p>&nbsp;<\/p>\n<h2><span style=\"font-weight: 400;\">Clause n\u00b0 7 : Clause r\u00e9solutoire<\/span><\/h2>\n<p><span style=\"font-weight: 400;\">Si dans les quinze jours qui suivent la mise en oeuvre de la clause &#8221; Retard de paiement &#8220;, l&#8217;acheteur ne s&#8217;est pas acquitt\u00e9 des sommes restant dues, la vente sera r\u00e9solue de plein droit et pourra ouvrir droit \u00e0 l&#8217;allocation de dommages et int\u00e9r\u00eats au profit de la soci\u00e9t\u00e9 HURDLER SAS<\/span><\/p>\n<p>&nbsp;<\/p>\n<h2><span style=\"font-weight: 400;\">Clause n\u00b0 8 : Clause de r\u00e9serve de propri\u00e9t\u00e9<\/span><\/h2>\n<p><span style=\"font-weight: 400;\">La soci\u00e9t\u00e9 HURDLER SAS conserve la propri\u00e9t\u00e9 des biens vendus jusqu&#8217;au paiement int\u00e9gral du prix, en principal et en accessoires. \u00c0 ce titre, si l&#8217;acheteur fait l&#8217;objet d&#8217;un redressement ou d&#8217;une liquidation judiciaire, la soci\u00e9t\u00e9 HURDLER SAS se r\u00e9serve le droit de revendiquer, dans le cadre de la proc\u00e9dure collective, les services vendus et rest\u00e9s impay\u00e9es.<\/span><\/p>\n<p>&nbsp;<\/p>\n<h2><span style=\"font-weight: 400;\">Clause n\u00b0 9 : Livraison<\/span><\/h2>\n<p><span style=\"font-weight: 400;\">La livraison de la prestation est effectu\u00e9e par la remise directe \u00e0 l&#8217;acheteur ;<\/span><\/p>\n<p><span style=\"font-weight: 400;\">Le d\u00e9lai de livraison de la prestation est indiqu\u00e9 lors de l&#8217;enregistrement de la commande n&#8217;est donn\u00e9 qu&#8217;\u00e0 titre indicatif et n&#8217;est aucunement garanti.<\/span><\/p>\n<p><span style=\"font-weight: 400;\">Par voie de cons\u00e9quence, tout retard raisonnable dans la livraison des produits ne pourra pas donner lieu au profit de l&#8217;acheteur \u00e0 :<\/span><\/p>\n<ul>\n<li style=\"font-weight: 400;\" aria-level=\"1\"><span style=\"font-weight: 400;\">l&#8217;allocation de dommages et int\u00e9r\u00eats ;<\/span><\/li>\n<li style=\"font-weight: 400;\" aria-level=\"1\"><span style=\"font-weight: 400;\">l&#8217;annulation de la commande.<\/span><\/li>\n<\/ul>\n<p><span style=\"font-weight: 400;\">Ces r\u00e9serves devront \u00eatre, en outre, confirm\u00e9es par \u00e9crit dans les cinq jours suivant la livraison, par courrier recommand\u00e9 AR.<\/span><\/p>\n<p>&nbsp;<\/p>\n<h2><span style=\"font-weight: 400;\">Clause n\u00b0 10 : Force majeure<\/span><\/h2>\n<p><span style=\"font-weight: 400;\">La responsabilit\u00e9 de la soci\u00e9t\u00e9 HURDLER SAS ne pourra pas \u00eatre mise en oeuvre si la non-ex\u00e9cution ou le retard dans l&#8217;ex\u00e9cution de l&#8217;une de ses obligations d\u00e9crites dans les pr\u00e9sentes conditions g\u00e9n\u00e9rales de vente d\u00e9coule d&#8217;un cas de force majeure. \u00c0 ce titre, la force majeure s&#8217;entend de tout \u00e9v\u00e9nement ext\u00e9rieur, impr\u00e9visible et irr\u00e9sistible au sens de l&#8217;article 1218 du Code civil.<\/span><\/p>\n<p>&nbsp;<\/p>\n<h2><span style=\"font-weight: 400;\">Clause n\u00b0 11 : Tribunal comp\u00e9tent<\/span><\/h2>\n<p><span style=\"font-weight: 400;\">Tout litige relatif \u00e0 l&#8217;interpr\u00e9tation et \u00e0 l&#8217;ex\u00e9cution des pr\u00e9sentes conditions g\u00e9n\u00e9rales de vente est soumis au droit fran\u00e7ais.<\/span><\/p>\n<p><span style=\"font-weight: 400;\">\u00c0 d\u00e9faut de r\u00e9solution amiable, le litige sera port\u00e9 devant le Tribunal de commerce de Paris\u00a0<\/span><span style=\"font-weight: 400;\">\u00a0<\/span><\/p>\n<p><span style=\"font-weight: 400;\">Fait \u00e0 Paris, le 08 Avril 2021<\/span><\/p>\n<p>&nbsp;<\/p>\n","protected":false},"excerpt":{"rendered":"<p>Clause n\u00b0 1 : Objet Les conditions g\u00e9n\u00e9rales de vente d\u00e9crites ci-apr\u00e8s d\u00e9taillent les droits et obligations de la soci\u00e9t\u00e9 HURDLER SAS et de son client dans le cadre de la vente de prestations de services : aide administrative et activit\u00e9s connexes .\u00a0 Toute prestation accomplie par la soci\u00e9t\u00e9 HURDLER SAS implique donc l&#8217;adh\u00e9sion sans [&hellip;]<\/p>\n","protected":false},"author":5,"featured_media":0,"parent":0,"menu_order":0,"comment_status":"closed","ping_status":"closed","template":"","meta":{"_acf_changed":false,"_et_pb_use_builder":"","_et_pb_old_content":"","_et_gb_content_width":"","inline_featured_image":false,"footnotes":""},"class_list":["post-3328","page","type-page","status-publish","hentry"],"acf":[],"yoast_head":"<!-- This site is optimized with the Yoast SEO plugin v27.5 - https:\/\/yoast.com\/product\/yoast-seo-wordpress\/ -->\n<title>Terms and conditions - Hurdler<\/title>\n<meta name=\"robots\" content=\"index, follow, max-snippet:-1, max-image-preview:large, max-video-preview:-1\" \/>\n<link rel=\"canonical\" href=\"https:\/\/hurdler.fr\/en\/conditions-generales-de-vente\/\" \/>\n<meta property=\"og:locale\" content=\"en_US\" \/>\n<meta property=\"og:type\" content=\"article\" \/>\n<meta property=\"og:title\" content=\"Terms and conditions - Hurdler\" \/>\n<meta property=\"og:description\" content=\"Clause n\u00b0 1 : Objet Les conditions g\u00e9n\u00e9rales de vente d\u00e9crites ci-apr\u00e8s d\u00e9taillent les droits et obligations de la soci\u00e9t\u00e9 HURDLER SAS et de son client dans le cadre de la vente de prestations de services : aide administrative et activit\u00e9s connexes .\u00a0 Toute prestation accomplie par la soci\u00e9t\u00e9 HURDLER SAS implique donc l&#8217;adh\u00e9sion sans [&hellip;]\" \/>\n<meta property=\"og:site_name\" content=\"Hurdler\" \/>\n<meta property=\"article:modified_time\" content=\"2021-06-09T07:54:48+00:00\" \/>\n<meta name=\"twitter:card\" content=\"summary_large_image\" \/>\n<meta name=\"twitter:label1\" content=\"Est. reading time\" \/>\n\t<meta name=\"twitter:data1\" content=\"3 minutes\" \/>\n<script type=\"application\/ld+json\" class=\"yoast-schema-graph\">{\"@context\":\"https:\\\/\\\/schema.org\",\"@graph\":[{\"@type\":\"WebPage\",\"@id\":\"https:\\\/\\\/hurdler.fr\\\/en\\\/conditions-generales-de-vente\\\/\",\"url\":\"https:\\\/\\\/hurdler.fr\\\/en\\\/conditions-generales-de-vente\\\/\",\"name\":\"Terms and conditions - Hurdler\",\"isPartOf\":{\"@id\":\"https:\\\/\\\/hurdler.fr\\\/en\\\/#website\"},\"datePublished\":\"2021-04-30T09:05:22+00:00\",\"dateModified\":\"2021-06-09T07:54:48+00:00\",\"breadcrumb\":{\"@id\":\"https:\\\/\\\/hurdler.fr\\\/en\\\/conditions-generales-de-vente\\\/#breadcrumb\"},\"inLanguage\":\"en-US\",\"potentialAction\":[{\"@type\":\"ReadAction\",\"target\":[\"https:\\\/\\\/hurdler.fr\\\/en\\\/conditions-generales-de-vente\\\/\"]}]},{\"@type\":\"BreadcrumbList\",\"@id\":\"https:\\\/\\\/hurdler.fr\\\/en\\\/conditions-generales-de-vente\\\/#breadcrumb\",\"itemListElement\":[{\"@type\":\"ListItem\",\"position\":1,\"name\":\"Accueil\",\"item\":\"https:\\\/\\\/hurdler.fr\\\/en\\\/\"},{\"@type\":\"ListItem\",\"position\":2,\"name\":\"Terms and conditions\"}]},{\"@type\":\"WebSite\",\"@id\":\"https:\\\/\\\/hurdler.fr\\\/en\\\/#website\",\"url\":\"https:\\\/\\\/hurdler.fr\\\/en\\\/\",\"name\":\"Hurdler\",\"description\":\"La conciergerie administrative du monde sportif\",\"potentialAction\":[{\"@type\":\"SearchAction\",\"target\":{\"@type\":\"EntryPoint\",\"urlTemplate\":\"https:\\\/\\\/hurdler.fr\\\/en\\\/?s={search_term_string}\"},\"query-input\":{\"@type\":\"PropertyValueSpecification\",\"valueRequired\":true,\"valueName\":\"search_term_string\"}}],\"inLanguage\":\"en-US\"}]}<\/script>\n<!-- \/ Yoast SEO plugin. -->","yoast_head_json":{"title":"Terms and conditions - Hurdler","robots":{"index":"index","follow":"follow","max-snippet":"max-snippet:-1","max-image-preview":"max-image-preview:large","max-video-preview":"max-video-preview:-1"},"canonical":"https:\/\/hurdler.fr\/en\/conditions-generales-de-vente\/","og_locale":"en_US","og_type":"article","og_title":"Terms and conditions - Hurdler","og_description":"Clause n\u00b0 1 : Objet Les conditions g\u00e9n\u00e9rales de vente d\u00e9crites ci-apr\u00e8s d\u00e9taillent les droits et obligations de la soci\u00e9t\u00e9 HURDLER SAS et de son client dans le cadre de la vente de prestations de services : aide administrative et activit\u00e9s connexes .\u00a0 Toute prestation accomplie par la soci\u00e9t\u00e9 HURDLER SAS implique donc l&#8217;adh\u00e9sion sans [&hellip;]","og_site_name":"Hurdler","article_modified_time":"2021-06-09T07:54:48+00:00","twitter_card":"summary_large_image","twitter_misc":{"Est. reading time":"3 minutes"},"schema":{"@context":"https:\/\/schema.org","@graph":[{"@type":"WebPage","@id":"https:\/\/hurdler.fr\/en\/conditions-generales-de-vente\/","url":"https:\/\/hurdler.fr\/en\/conditions-generales-de-vente\/","name":"Terms and conditions - Hurdler","isPartOf":{"@id":"https:\/\/hurdler.fr\/en\/#website"},"datePublished":"2021-04-30T09:05:22+00:00","dateModified":"2021-06-09T07:54:48+00:00","breadcrumb":{"@id":"https:\/\/hurdler.fr\/en\/conditions-generales-de-vente\/#breadcrumb"},"inLanguage":"en-US","potentialAction":[{"@type":"ReadAction","target":["https:\/\/hurdler.fr\/en\/conditions-generales-de-vente\/"]}]},{"@type":"BreadcrumbList","@id":"https:\/\/hurdler.fr\/en\/conditions-generales-de-vente\/#breadcrumb","itemListElement":[{"@type":"ListItem","position":1,"name":"Accueil","item":"https:\/\/hurdler.fr\/en\/"},{"@type":"ListItem","position":2,"name":"Terms and conditions"}]},{"@type":"WebSite","@id":"https:\/\/hurdler.fr\/en\/#website","url":"https:\/\/hurdler.fr\/en\/","name":"Hurdler","description":"La conciergerie administrative du monde sportif","potentialAction":[{"@type":"SearchAction","target":{"@type":"EntryPoint","urlTemplate":"https:\/\/hurdler.fr\/en\/?s={search_term_string}"},"query-input":{"@type":"PropertyValueSpecification","valueRequired":true,"valueName":"search_term_string"}}],"inLanguage":"en-US"}]}},"_links":{"self":[{"href":"https:\/\/hurdler.fr\/en\/wp-json\/wp\/v2\/pages\/3328","targetHints":{"allow":["GET"]}}],"collection":[{"href":"https:\/\/hurdler.fr\/en\/wp-json\/wp\/v2\/pages"}],"about":[{"href":"https:\/\/hurdler.fr\/en\/wp-json\/wp\/v2\/types\/page"}],"author":[{"embeddable":true,"href":"https:\/\/hurdler.fr\/en\/wp-json\/wp\/v2\/users\/5"}],"replies":[{"embeddable":true,"href":"https:\/\/hurdler.fr\/en\/wp-json\/wp\/v2\/comments?post=3328"}],"version-history":[{"count":0,"href":"https:\/\/hurdler.fr\/en\/wp-json\/wp\/v2\/pages\/3328\/revisions"}],"wp:attachment":[{"href":"https:\/\/hurdler.fr\/en\/wp-json\/wp\/v2\/media?parent=3328"}],"curies":[{"name":"wp","href":"https:\/\/api.w.org\/{rel}","templated":true}]}}